{"id":103,"date":"2026-03-03T09:37:11","date_gmt":"2026-03-03T08:37:11","guid":{"rendered":"https:\/\/danke.macslab.de\/?page_id=103"},"modified":"2026-03-03T11:08:23","modified_gmt":"2026-03-03T10:08:23","slug":"impressum-datenschutz","status":"publish","type":"page","link":"https:\/\/danke.macslab.de\/?page_id=103","title":{"rendered":"Impressum \/ Datenschutz"},"content":{"rendered":"\n<h3 class=\"wp-block-heading\">Impressum<\/h3>\n\n\n\n<p>Florian Funke<br>Altienstrasse 93<br>45359 Essen<br><a href=\"mailto:me@macslab.de\">me@macslab.de<\/a><\/p>\n\n\n\n<h3 class=\"wp-block-heading\">Datenschutzerkl\u00e4rung<\/h3>\n\n\n\n<p><strong>1. Datenschutz auf einen Blick<\/strong><\/p>\n\n\n\n<p><strong>Allgemeine Hinweise<\/strong> Die folgenden Hinweise geben dir einen einfachen \u00dcberblick dar\u00fcber, was mit deinen personenbezogenen Daten passiert, wenn du diese Website besuchst. Personenbezogene Daten sind alle Daten, mit denen du pers\u00f6nlich identifiziert werden kannst.<\/p>\n\n\n\n<p>Diese Website kommt vollst\u00e4ndig ohne Tracking-Tools, Werbe-Plugins, Social-Media-Einbindungen oder Drittanbieter-Schriftarten (wie Google Fonts) aus. Es werden keine Cookies auf deinem Endger\u00e4t gespeichert.<\/p>\n\n\n\n<p><strong>2. Verantwortlicher f\u00fcr die Datenerfassung<\/strong><\/p>\n\n\n\n<p id=\"p-rc_4b18cacb051a8323-43\">Die Datenverarbeitung auf dieser Website erfolgt durch mich als Websitebetreiber. Meine Kontaktdaten lauten:<sup><\/sup><\/p>\n\n\n\n<p id=\"p-rc_4b18cacb051a8323-44\">Florian Funke, Aktienstrasse 93, 45359 Essen<\/p>\n\n\n\n<p id=\"p-rc_4b18cacb051a8323-45\">E-Mail: me@macslab.de<\/p>\n\n\n\n<p id=\"p-rc_4b18cacb051a8323-46\"><strong>3. Datenerfassung auf dieser Website<sup><\/sup><\/strong><\/p>\n\n\n\n<p id=\"p-rc_4b18cacb051a8323-47\"><strong>Hosting und Server-Logfiles<sup><\/sup><\/strong> Diese Website wird auf meiner privat betriebenen Server-Infrastruktur gehostet. Wenn du meine Website aufrufst, erfasst das System (insbesondere der vorgeschaltete Reverse Proxy) automatisch Daten und Informationen von deinem Computersystem.<\/p>\n\n\n\n<p>Folgende Daten werden dabei in sogenannten Server-Logfiles erhoben:<\/p>\n\n\n\n<ul class=\"wp-block-list\">\n<li>Besuchte Website \/ angeforderte Datei<\/li>\n\n\n\n<li>Datum und Uhrzeit des Zugriffes<\/li>\n\n\n\n<li>Menge der gesendeten Daten in Byte<\/li>\n\n\n\n<li>Quelle\/Verweis, von welchem du auf die Seite gelangtest (Referrer)<\/li>\n\n\n\n<li>Verwendeter Browser und Betriebssystem<\/li>\n\n\n\n<li>Deine IP-Adresse<\/li>\n<\/ul>\n\n\n\n<p><strong>Speicherdauer und berechtigtes Interesse<\/strong> Die Server-Logfiles werden f\u00fcr maximal <strong>30 Tage<\/strong> gespeichert und im Anschluss durch das System automatisch gel\u00f6scht. Eine Zusammenf\u00fchrung dieser Daten mit anderen Datenquellen nehme ich nicht vor.<\/p>\n\n\n\n<p>Die Erfassung und Speicherung dieser Daten erfolgt auf Grundlage von Art. 6 Abs. 1 lit. f DSGVO. Ich habe ein berechtigtes Interesse an der technisch fehlerfreien Darstellung und der Absicherung meiner IT-Infrastruktur. Da ich den Server privat und nebenberuflich (im Schichtdienst) betreibe, ist mir eine engmaschige, t\u00e4gliche Kontrolle der Logfiles zeitlich nicht m\u00f6glich. Die Speicherdauer von 30 Tagen ist zwingend erforderlich, um auch zeitverz\u00f6gert auf Sicherheitsvorf\u00e4lle, komplexe Angriffsmuster oder technische Warnmeldungen (z. B. durch meine vorgeschaltete Firewall oder Monitoring-Dienste) angemessen reagieren zu k\u00f6nnen.<\/p>\n\n\n\n<p><strong>4. Externe Dienste und Drittanbieter<\/strong><\/p>\n\n\n\n<p>Auf dieser Website binde ich <strong>keine<\/strong> externen Dienste ein. Alle Ressourcen (wie Bilder, CSS-Dateien und Schriftarten) liegen lokal auf meinem eigenen Server. Es findet keine automatische \u00dcbertragung deiner IP-Adresse an Dritte (wie z. B. Google, Facebook o. \u00e4.) statt.<\/p>\n\n\n\n<p><strong>5. Deine Rechte<\/strong><\/p>\n\n\n\n<p>Du hast jederzeit das Recht, unentgeltlich Auskunft \u00fcber Herkunft, Empf\u00e4nger und Zweck deiner gespeicherten personenbezogenen Daten zu erhalten. Du hast au\u00dferdem ein Recht, die Berichtigung oder L\u00f6schung dieser Daten zu verlangen. Wenn du eine Einwilligung zur Datenverarbeitung erteilt hast (was auf dieser Seite standardm\u00e4\u00dfig nicht der Fall ist), kannst du diese Einwilligung jederzeit f\u00fcr die Zukunft widerrufen. Au\u00dferdem hast du das Recht, unter bestimmten Umst\u00e4nden die Einschr\u00e4nkung der Verarbeitung deiner personenbezogenen Daten zu verlangen.<\/p>\n\n\n\n<p>Des Weiteren steht dir ein Beschwerderecht bei der zust\u00e4ndigen Aufsichtsbeh\u00f6rde (f\u00fcr Nordrhein-Westfalen ist dies die Landesbeauftragte f\u00fcr Datenschutz und Informationsfreiheit NRW) zu.<\/p>\n\n\n\n<p>Hierzu sowie zu weiteren Fragen zum Thema Datenschutz<\/p>\n","protected":false},"excerpt":{"rendered":"<p>Impressum Florian FunkeAltienstrasse 9345359 Essenme@macslab.de Datenschutzerkl\u00e4rung 1. Datenschutz auf einen Blick Allgemeine Hinweise Die folgenden Hinweise geben dir einen einfachen \u00dcberblick dar\u00fcber, was mit deinen personenbezogenen Daten passiert, wenn du diese Website besuchst. Personenbezogene Daten sind alle Daten, mit denen du pers\u00f6nlich identifiziert werden kannst. Diese Website kommt vollst\u00e4ndig ohne Tracking-Tools, Werbe-Plugins, Social-Media-Einbindungen oder Drittanbieter-Schriftarten [&hellip;]<\/p>\n","protected":false},"author":1,"featured_media":0,"parent":0,"menu_order":0,"comment_status":"closed","ping_status":"closed","template":"flos-standard","meta":{"footnotes":""},"class_list":["post-103","page","type-page","status-publish","hentry"],"_links":{"self":[{"href":"https:\/\/danke.macslab.de\/index.php?rest_route=\/wp\/v2\/pages\/103","targetHints":{"allow":["GET"]}}],"collection":[{"href":"https:\/\/danke.macslab.de\/index.php?rest_route=\/wp\/v2\/pages"}],"about":[{"href":"https:\/\/danke.macslab.de\/index.php?rest_route=\/wp\/v2\/types\/page"}],"author":[{"embeddable":true,"href":"https:\/\/danke.macslab.de\/index.php?rest_route=\/wp\/v2\/users\/1"}],"replies":[{"embeddable":true,"href":"https:\/\/danke.macslab.de\/index.php?rest_route=%2Fwp%2Fv2%2Fcomments&post=103"}],"version-history":[{"count":3,"href":"https:\/\/danke.macslab.de\/index.php?rest_route=\/wp\/v2\/pages\/103\/revisions"}],"predecessor-version":[{"id":115,"href":"https:\/\/danke.macslab.de\/index.php?rest_route=\/wp\/v2\/pages\/103\/revisions\/115"}],"wp:attachment":[{"href":"https:\/\/danke.macslab.de\/index.php?rest_route=%2Fwp%2Fv2%2Fmedia&parent=103"}],"curies":[{"name":"wp","href":"https:\/\/api.w.org\/{rel}","templated":true}]}}